{"id":2863,"date":"2024-01-04T10:15:25","date_gmt":"2024-01-04T10:15:25","guid":{"rendered":"https:\/\/thecasual.studio\/?page_id=2863"},"modified":"2025-05-09T08:11:57","modified_gmt":"2025-05-09T08:11:57","slug":"agb","status":"publish","type":"page","link":"https:\/\/thecasual.studio\/de\/agb\/","title":{"rendered":"AGB"},"content":{"rendered":"<div data-elementor-type=\"wp-page\" data-elementor-id=\"2863\" class=\"elementor elementor-2863\" data-elementor-post-type=\"page\">\n\t\t\t\t\t\t<section class=\"elementor-section elementor-top-section elementor-element elementor-element-21865621 elementor-section-boxed elementor-section-height-default elementor-section-height-default\" data-id=\"21865621\" data-element_type=\"section\" data-e-type=\"section\">\n\t\t\t\t\t\t<div class=\"elementor-container elementor-column-gap-default\">\n\t\t\t\t\t<div class=\"elementor-column elementor-col-100 elementor-top-column elementor-element elementor-element-41a0107c\" data-id=\"41a0107c\" data-element_type=\"column\" data-e-type=\"column\">\n\t\t\t<div class=\"elementor-widget-wrap elementor-element-populated\">\n\t\t\t\t\t\t<div class=\"elementor-element elementor-element-2a9672b elementor-widget elementor-widget-heading\" data-id=\"2a9672b\" data-element_type=\"widget\" data-e-type=\"widget\" data-widget_type=\"heading.default\">\n\t\t\t\t<div class=\"elementor-widget-container\">\n\t\t\t\t\t<h2 class=\"elementor-heading-title elementor-size-default\">Allgemeine Gesch\u00e4ftsbedingungen<\/h2>\t\t\t\t<\/div>\n\t\t\t\t<\/div>\n\t\t\t\t<div class=\"elementor-element elementor-element-1af2e48f elementor-widget elementor-widget-heading\" data-id=\"1af2e48f\" data-element_type=\"widget\" data-e-type=\"widget\" data-widget_type=\"heading.default\">\n\t\t\t\t<div class=\"elementor-widget-container\">\n\t\t\t\t\t<h2 class=\"elementor-heading-title elementor-size-default\">1. Auftrag<\/h2>\t\t\t\t<\/div>\n\t\t\t\t<\/div>\n\t\t\t\t<div class=\"elementor-element elementor-element-25742438 elementor-widget elementor-widget-text-editor\" data-id=\"25742438\" data-element_type=\"widget\" data-e-type=\"widget\" data-widget_type=\"text-editor.default\">\n\t\t\t\t<div class=\"elementor-widget-container\">\n\t\t\t\t\t\t\t\t\t<p>(1) Die Gestaltung der Bilder sowie die k\u00fcnstlerisch-technische Umsetzung und die Auswahl der Aufnahmen liegen, sofern nicht anders vereinbart, in der Verantwortung von The Casual Studio GmbH. Die Auftraggeber sind sich bewusst, dass die Arbeiten von dem Stil von The Casual Studio GmbH stets gepr\u00e4gt sind. Reklamationen in Bezug hierauf sind ausgeschlossen.<\/p>\n<p>(2) \u00c4nderungen am Auftrag w\u00e4hrend oder nach Beginn der Produktion sind mit der Berechnung eines entsprechenden Mehraufwandes verbunden. Bereits begonnene Leistungen sind wie vereinbart voll zu verg\u00fcten.<br>\u00dcberschreitet der Auftrag die vereinbarte Zeit, ist The Casual Studio berechtigt, den Mehraufwand f\u00fcr die tats\u00e4chlich angefallene Zeit zus\u00e4tzlich in Rechnung zu stellen. Jede weitere angebrauchte Stunde vor Ort wird mit 300\u20ac netto verrechnet.<\/p>\n<p>3) Kommen die Auftraggeber ihren, zur Erledigung des Auftrages erforderlichen, Mitwirkungsleistungen nicht nach oder entstehen The Casual Studio GmbH bei Auftragsannahme nicht absehbare Wartezeiten aus Gr\u00fcnden, die die Auftraggeber zu vertreten haben, ist The Casual Studio GmbH dazu berechtigt, auch bei Vereinbarung eines Festpreises einen im Verh\u00e4ltnis zu dem Mehraufwand stehenden Aufpreis in Rechnung zu stellen.<\/p>\t\t\t\t\t\t\t\t<\/div>\n\t\t\t\t<\/div>\n\t\t\t\t\t<\/div>\n\t\t<\/div>\n\t\t\t\t\t<\/div>\n\t\t<\/section>\n\t\t\t\t<section class=\"elementor-section elementor-top-section elementor-element elementor-element-b5dc2c7 elementor-section-boxed elementor-section-height-default elementor-section-height-default\" data-id=\"b5dc2c7\" data-element_type=\"section\" data-e-type=\"section\">\n\t\t\t\t\t\t<div class=\"elementor-container elementor-column-gap-default\">\n\t\t\t\t\t<div class=\"elementor-column elementor-col-100 elementor-top-column elementor-element elementor-element-21c0d386\" data-id=\"21c0d386\" data-element_type=\"column\" data-e-type=\"column\">\n\t\t\t<div class=\"elementor-widget-wrap elementor-element-populated\">\n\t\t\t\t\t\t<div class=\"elementor-element elementor-element-47ec2a7 elementor-widget elementor-widget-heading\" data-id=\"47ec2a7\" data-element_type=\"widget\" data-e-type=\"widget\" data-widget_type=\"heading.default\">\n\t\t\t\t<div class=\"elementor-widget-container\">\n\t\t\t\t\t<h2 class=\"elementor-heading-title elementor-size-default\">2) Verg\u00fctung und Zahlung<\/h2>\t\t\t\t<\/div>\n\t\t\t\t<\/div>\n\t\t\t\t<div class=\"elementor-element elementor-element-79aa63b0 elementor-widget elementor-widget-text-editor\" data-id=\"79aa63b0\" data-element_type=\"widget\" data-e-type=\"widget\" data-widget_type=\"text-editor.default\">\n\t\t\t\t<div class=\"elementor-widget-container\">\n\t\t\t\t\t\t\t\t\t<p>(1) Die Auftraggeber verpflichten sich zur \u00dcbernahme der vereinbarten Kosten laut dem Angebot bzw. dem gebuchten Paket von The Casual Studio GmbH zum unterschriebenen Zeitpunkt.<\/p><p>(2) Der Vertrag zwischen den beiden Parteien kommt durch eine Unterschrift zustande und ist somit rechtsg\u00fcltig. Die vereinbarte Summe ist, falls nicht anders schriftlich vereinbart, mit einer Anzahlung von 50% des Gesamtbetrags vor Produktionsbeginn f\u00e4llig, der Restbetrag ist nach Produktionsschluss zu bezahlen.<\/p>\t\t\t\t\t\t\t\t<\/div>\n\t\t\t\t<\/div>\n\t\t\t\t\t<\/div>\n\t\t<\/div>\n\t\t\t\t\t<\/div>\n\t\t<\/section>\n\t\t\t\t<section class=\"elementor-section elementor-top-section elementor-element elementor-element-48dbbcb elementor-section-boxed elementor-section-height-default elementor-section-height-default\" data-id=\"48dbbcb\" data-element_type=\"section\" data-e-type=\"section\">\n\t\t\t\t\t\t<div class=\"elementor-container elementor-column-gap-default\">\n\t\t\t\t\t<div class=\"elementor-column elementor-col-100 elementor-top-column elementor-element elementor-element-6e9829b5\" data-id=\"6e9829b5\" data-element_type=\"column\" data-e-type=\"column\">\n\t\t\t<div class=\"elementor-widget-wrap elementor-element-populated\">\n\t\t\t\t\t\t<div class=\"elementor-element elementor-element-5d40ddfc elementor-widget elementor-widget-heading\" data-id=\"5d40ddfc\" data-element_type=\"widget\" data-e-type=\"widget\" data-widget_type=\"heading.default\">\n\t\t\t\t<div class=\"elementor-widget-container\">\n\t\t\t\t\t<h2 class=\"elementor-heading-title elementor-size-default\">3) Nutzungs- und Urheberrechte<\/h2>\t\t\t\t<\/div>\n\t\t\t\t<\/div>\n\t\t\t\t<div class=\"elementor-element elementor-element-5597e2b5 elementor-widget elementor-widget-text-editor\" data-id=\"5597e2b5\" data-element_type=\"widget\" data-e-type=\"widget\" data-widget_type=\"text-editor.default\">\n\t\t\t\t<div class=\"elementor-widget-container\">\n\t\t\t\t\t\t\t\t\t<p class=\"cvGsUA direction-ltr align-start para-style-body\"><span class=\"OYPEnA text-decoration-none text-strikethrough-none\">(1) S\u00e4mtlicher Content inklusive aller Rechte gehen nach Abschlusszahlung an den Auftraggeber \u00fcber. The Casual Studio GmbH beh\u00e4lt sich das Recht vor, nach gemeinsamer Absprache diverse Inhalte als Referenzen auf den eigenen Kan\u00e4len der Firma bzw. der mitarbeitenden Personen zu verwenden.<\/span><\/p><p class=\"cvGsUA direction-ltr align-start para-style-body\"><span class=\"OYPEnA text-decoration-none text-strikethrough-none\">2) Das Ver\u00f6ffentlichen des Bild- und Videomaterials sowie Grafikdesigns auf Sozialen Netzwerken bzw. Recht zur Nutzung zu kommerziellen Zwecken erfolgt erst nach vollst\u00e4ndiger Bezahlung der vereinbarten Verg\u00fctung.<\/span><\/p><p class=\"cvGsUA direction-ltr align-start para-style-body\"><span class=\"OYPEnA text-decoration-none text-strikethrough-none\">(3) Es gibt keinen Anspruch auf Herausgabe von Rohdateien, au\u00dfer es wurde im Angebot vereinbart.<\/span><span class=\"OYPEnA text-decoration-none text-strikethrough-none\">\u00a0<\/span><\/p>\t\t\t\t\t\t\t\t<\/div>\n\t\t\t\t<\/div>\n\t\t\t\t\t<\/div>\n\t\t<\/div>\n\t\t\t\t\t<\/div>\n\t\t<\/section>\n\t\t\t\t<section class=\"elementor-section elementor-top-section elementor-element elementor-element-6e23f771 elementor-section-boxed elementor-section-height-default elementor-section-height-default\" data-id=\"6e23f771\" data-element_type=\"section\" data-e-type=\"section\">\n\t\t\t\t\t\t<div class=\"elementor-container elementor-column-gap-default\">\n\t\t\t\t\t<div class=\"elementor-column elementor-col-100 elementor-top-column elementor-element elementor-element-61e58dd8\" data-id=\"61e58dd8\" data-element_type=\"column\" data-e-type=\"column\">\n\t\t\t<div class=\"elementor-widget-wrap elementor-element-populated\">\n\t\t\t\t\t\t<div class=\"elementor-element elementor-element-4d628245 elementor-widget elementor-widget-heading\" data-id=\"4d628245\" data-element_type=\"widget\" data-e-type=\"widget\" data-widget_type=\"heading.default\">\n\t\t\t\t<div class=\"elementor-widget-container\">\n\t\t\t\t\t<h2 class=\"elementor-heading-title elementor-size-default\">4) Abnahme \/ Lieferung \/ Eigentumsvorbehalt<\/h2>\t\t\t\t<\/div>\n\t\t\t\t<\/div>\n\t\t\t\t<div class=\"elementor-element elementor-element-34fb18ef elementor-widget elementor-widget-text-editor\" data-id=\"34fb18ef\" data-element_type=\"widget\" data-e-type=\"widget\" data-widget_type=\"text-editor.default\">\n\t\t\t\t<div class=\"elementor-widget-container\">\n\t\t\t\t\t\t\t\t\t<p class=\"cvGsUA direction-ltr align-start para-style-body\"><span class=\"OYPEnA text-decoration-none text-strikethrough-none\">(1) Der Fertigstellungs-Zeitraum der Projekte h\u00e4ngt von Art und Aufwand des Projekts ab und wird von The Casual Studio GmbH vor unterzeichnetem Angebot festgelegt.<\/span><\/p><p class=\"cvGsUA direction-ltr align-start para-style-body\"><span class=\"OYPEnA text-decoration-none text-strikethrough-none\">Bei Fotografie-Auftr\u00e4gen erh\u00e4lt der Auftraggeber den Zugang zu einer Onlinegalerie mit allen verwertbaren Bildern. Die Auftraggeber erkl\u00e4ren sich ausdr\u00fccklich einverstanden damit, dass s\u00e4mtliche, zum Produktionszeitraum angefertigte, Fotos auf der Onlinegalerie hochgeladen und dort vorr\u00fcbergehend gespeichert werden. (N\u00e4heres regelt meine Datenschutzerkl\u00e4rung, die Gegenstand dieses Vertrages ist.) Die Onlinegalerie ist f\u00fcr 1 Monat freigeschalten f\u00fcr den Download der Galerie und wird danach gel\u00f6scht. Grafische Designs und Videoproduktionen werden per WeTransfer \u00fcbermittelt.<br \/><br \/>2)\u00a0 The Casual Studio GmbH bewahrt RAW-Dateien eines Projekts f\u00fcr einen Zeitraum von sechs Monaten nach erfolgreichem Abschluss des Projekts auf. Nach Ablauf dieser Frist werden die Dateien endg\u00fcltig und unwiderruflich gel\u00f6scht. Ein Anspruch auf erneute Bereitstellung oder Archivierung der RAW-Dateien nach diesem Zeitraum besteht nicht, es sei denn, es wurde schriftlich etwas anderes vereinbart.<\/span><\/p><p class=\"cvGsUA direction-ltr align-start para-style-body\"><span class=\"OYPEnA text-decoration-none text-strikethrough-none\">(3) Bis zur vollst\u00e4ndigen Zahlung des Kaufpreises bleiben das Foto- &amp; Videomaterial sowie grafische Designs im Eigentum von The Casual Studio GmbH.<\/span><\/p><p class=\"cvGsUA direction-ltr align-start para-style-body\">(4) Die Leistungen von The Casual Studio GmbH gelten als ohne Vorbehalt abgenommen, wenn die Auftraggeber den erhaltenen Content zu der vorgesehenen Verwendung nutzen, ohne The Casual Studio GmbH auf etwaige M\u00e4ngel hinzuweisen.<\/p>\t\t\t\t\t\t\t\t<\/div>\n\t\t\t\t<\/div>\n\t\t\t\t\t<\/div>\n\t\t<\/div>\n\t\t\t\t\t<\/div>\n\t\t<\/section>\n\t\t\t\t<section class=\"elementor-section elementor-top-section elementor-element elementor-element-7b4152f4 elementor-section-boxed elementor-section-height-default elementor-section-height-default\" data-id=\"7b4152f4\" data-element_type=\"section\" data-e-type=\"section\">\n\t\t\t\t\t\t<div class=\"elementor-container elementor-column-gap-default\">\n\t\t\t\t\t<div class=\"elementor-column elementor-col-100 elementor-top-column elementor-element elementor-element-296b42c6\" data-id=\"296b42c6\" data-element_type=\"column\" data-e-type=\"column\">\n\t\t\t<div class=\"elementor-widget-wrap elementor-element-populated\">\n\t\t\t\t\t\t<div class=\"elementor-element elementor-element-28397543 elementor-widget elementor-widget-heading\" data-id=\"28397543\" data-element_type=\"widget\" data-e-type=\"widget\" data-widget_type=\"heading.default\">\n\t\t\t\t<div class=\"elementor-widget-container\">\n\t\t\t\t\t<h2 class=\"elementor-heading-title elementor-size-default\">5) Vertragsschluss \/ K\u00fcndigung<\/h2>\t\t\t\t<\/div>\n\t\t\t\t<\/div>\n\t\t\t\t<div class=\"elementor-element elementor-element-311b2313 elementor-widget elementor-widget-text-editor\" data-id=\"311b2313\" data-element_type=\"widget\" data-e-type=\"widget\" data-widget_type=\"text-editor.default\">\n\t\t\t\t<div class=\"elementor-widget-container\">\n\t\t\t\t\t\t\t\t\t<p class=\"cvGsUA direction-ltr align-start para-style-body\"><span class=\"OYPEnA text-decoration-none text-strikethrough-none\">(1) Der Vertrag tritt in Kraft und das Datum ist verbindlich gebucht, wenn der<\/span><span class=\"OYPEnA text-decoration-none text-strikethrough-none\"> Auftraggeber den Vertrag unterschrieben und per E-Mail an The Casual Studio GmbH zugesendet haben.<\/span><\/p><p>2)<br \/>Erfolgt die K\u00fcndigung\/eine Stornierung des Foto- &amp; Videoauftrags weniger als 3 Tage vor des Produktionstermins steht The Casual Studio als Block-Geb\u00fchr des Termins 30% der vereinbarten Summe zu. Sollten einzelne Vor-Leistungen bereits angefallen sein, werden diese mit dem Stundensatz von 100\u20ac netto verrechnet (z.B. Konzeption, Moodboard Erstellung, Storyboard Erstellung, Besichtigungstermine f\u00fcr Locations, Model-Scouting, Design-Entw\u00fcrfe etc.)<br \/>Eine einmalige Verschiebung des Termins ist kostenfrei. Ab zweiter Verschiebung des Termins 30% der vereinbarten Summe als Block-Geb\u00fchr des Termins verrechnet.<br \/>Erfolgt eine Verschiebung auf das n\u00e4chste Kalenderjahr kann dies nur unter Einhaltung der j\u00e4hrlichen Preisanpassungen geschehen. The Casual Studio GmbH ist berechtigt eine Verschiebung abzulehnen.<\/p>\t\t\t\t\t\t\t\t<\/div>\n\t\t\t\t<\/div>\n\t\t\t\t\t<\/div>\n\t\t<\/div>\n\t\t\t\t\t<\/div>\n\t\t<\/section>\n\t\t\t\t<section class=\"elementor-section elementor-top-section elementor-element elementor-element-65910f9f elementor-section-boxed elementor-section-height-default elementor-section-height-default\" data-id=\"65910f9f\" data-element_type=\"section\" data-e-type=\"section\">\n\t\t\t\t\t\t<div class=\"elementor-container elementor-column-gap-default\">\n\t\t\t\t\t<div class=\"elementor-column elementor-col-100 elementor-top-column elementor-element elementor-element-57f21168\" data-id=\"57f21168\" data-element_type=\"column\" data-e-type=\"column\">\n\t\t\t<div class=\"elementor-widget-wrap elementor-element-populated\">\n\t\t\t\t\t\t<div class=\"elementor-element elementor-element-557d567c elementor-widget elementor-widget-heading\" data-id=\"557d567c\" data-element_type=\"widget\" data-e-type=\"widget\" data-widget_type=\"heading.default\">\n\t\t\t\t<div class=\"elementor-widget-container\">\n\t\t\t\t\t<h2 class=\"elementor-heading-title elementor-size-default\">6) Haftung\n<\/h2>\t\t\t\t<\/div>\n\t\t\t\t<\/div>\n\t\t\t\t<div class=\"elementor-element elementor-element-5b10e7d9 elementor-widget elementor-widget-text-editor\" data-id=\"5b10e7d9\" data-element_type=\"widget\" data-e-type=\"widget\" data-widget_type=\"text-editor.default\">\n\t\t\t\t<div class=\"elementor-widget-container\">\n\t\t\t\t\t\t\t\t\t<p class=\"cvGsUA direction-ltr align-start para-style-body\"><span class=\"OYPEnA text-decoration-none text-strikethrough-none\">Hoheitliche Ma\u00dfnahmen, Naturkatastrophen, Verkehrsst\u00f6rungen, Krankheit und sonstige F\u00e4lle h\u00f6herer Gewalt, also au\u00dfergew\u00f6hnlicher Ereignisse, die The Casual Studio GmbH nicht zu vertreten hat, befreit The Casual Studio GmbH f\u00fcr die Dauer ihrer Auswirkungen von der Verpflichtung zur Vertragserf\u00fcllung. In diesen F\u00e4llen ist The Casual Studio GmbH nicht zum Schadenersatz verpflichtet. The Casual Studio GmbH wird im Falle h\u00f6herer Gewalt die Auftraggeber unverz\u00fcglich von dem Eintritt der Verhinderung unterrichten und einen Ersatztermin anbieten. Weitere Anspr\u00fcche bestehen nicht.<\/span><\/p><p>2) Es wird keine Haftung \u00fcbernommen, wenn es zu Unf\u00e4llen w\u00e4hrend der Foto- oder Videoproduktion kommt, z.B. bei actionreichen Fotos\/Videos. Die Haftung tr\u00e4gt ausschlie\u00dflich der Auftraggeber mit dem dieser Vertrag abgeschlossen wurde.<\/p>\t\t\t\t\t\t\t\t<\/div>\n\t\t\t\t<\/div>\n\t\t\t\t\t<\/div>\n\t\t<\/div>\n\t\t\t\t\t<\/div>\n\t\t<\/section>\n\t\t\t\t<section class=\"elementor-section elementor-top-section elementor-element elementor-element-c4c414f elementor-section-boxed elementor-section-height-default elementor-section-height-default\" data-id=\"c4c414f\" data-element_type=\"section\" data-e-type=\"section\">\n\t\t\t\t\t\t<div class=\"elementor-container elementor-column-gap-default\">\n\t\t\t\t\t<div class=\"elementor-column elementor-col-100 elementor-top-column elementor-element elementor-element-a444fc8\" data-id=\"a444fc8\" data-element_type=\"column\" data-e-type=\"column\">\n\t\t\t<div class=\"elementor-widget-wrap elementor-element-populated\">\n\t\t\t\t\t\t<div class=\"elementor-element elementor-element-4ddd254e elementor-widget elementor-widget-heading\" data-id=\"4ddd254e\" data-element_type=\"widget\" data-e-type=\"widget\" data-widget_type=\"heading.default\">\n\t\t\t\t<div class=\"elementor-widget-container\">\n\t\t\t\t\t<h2 class=\"elementor-heading-title elementor-size-default\">7) Rechte am eigenen Bild\/Einr\u00e4umung Ver\u00f6ffentlichungsrechte<\/h2>\t\t\t\t<\/div>\n\t\t\t\t<\/div>\n\t\t\t\t<div class=\"elementor-element elementor-element-2c6c02a0 elementor-widget elementor-widget-text-editor\" data-id=\"2c6c02a0\" data-element_type=\"widget\" data-e-type=\"widget\" data-widget_type=\"text-editor.default\">\n\t\t\t\t<div class=\"elementor-widget-container\">\n\t\t\t\t\t\t\t\t\t<p class=\"cvGsUA direction-ltr align-start para-style-body\"><span class=\"OYPEnA text-decoration-none text-strikethrough-none\">(1) F\u00fcr The Casual Studio GmbH ist es wichtig, Bilder\/Videos von Auftr\u00e4gen zu ver\u00f6ffentlichen, um andere Klienten von der Qualit\u00e4t ihrer Arbeit \u00fcberzeugen zu k\u00f6nnen. Foto- &amp; Videomaterial wird jedoch nur in gemeinsamer Absprache und mit dem Einverst\u00e4ndnis des Auftraggebers ver\u00f6ffentlicht.<\/span><\/p>\t\t\t\t\t\t\t\t<\/div>\n\t\t\t\t<\/div>\n\t\t\t\t\t<\/div>\n\t\t<\/div>\n\t\t\t\t\t<\/div>\n\t\t<\/section>\n\t\t\t\t<section class=\"elementor-section elementor-top-section elementor-element elementor-element-78c41490 elementor-section-boxed elementor-section-height-default elementor-section-height-default\" data-id=\"78c41490\" data-element_type=\"section\" data-e-type=\"section\">\n\t\t\t\t\t\t<div class=\"elementor-container elementor-column-gap-default\">\n\t\t\t\t\t<div class=\"elementor-column elementor-col-100 elementor-top-column elementor-element elementor-element-13ec190\" data-id=\"13ec190\" data-element_type=\"column\" data-e-type=\"column\">\n\t\t\t<div class=\"elementor-widget-wrap elementor-element-populated\">\n\t\t\t\t\t\t<div class=\"elementor-element elementor-element-19ddf05b elementor-widget elementor-widget-heading\" data-id=\"19ddf05b\" data-element_type=\"widget\" data-e-type=\"widget\" data-widget_type=\"heading.default\">\n\t\t\t\t<div class=\"elementor-widget-container\">\n\t\t\t\t\t<h2 class=\"elementor-heading-title elementor-size-default\">8) Schlussbestimmungen<\/h2>\t\t\t\t<\/div>\n\t\t\t\t<\/div>\n\t\t\t\t<div class=\"elementor-element elementor-element-3746a8dc elementor-widget elementor-widget-text-editor\" data-id=\"3746a8dc\" data-element_type=\"widget\" data-e-type=\"widget\" data-widget_type=\"text-editor.default\">\n\t\t\t\t<div class=\"elementor-widget-container\">\n\t\t\t\t\t\t\t\t\t<p class=\"cvGsUA direction-ltr align-start para-style-body\"><span class=\"OYPEnA text-decoration-none text-strikethrough-none\">(1) M\u00fcndliche Nebenabreden zum Vertrag\/zu den Allgemeinen Gesch\u00e4ftsbedingungen bestehen zum Zeitpunkt des Vertragsschlusses nicht und bed\u00fcrfen zu ihrer Wirksamkeit der Schriftform.<\/span><\/p><p class=\"cvGsUA direction-ltr align-start para-style-body\"><span class=\"OYPEnA text-decoration-none text-strikethrough-none\">(2) Gegenstand dieses Vertrages werden auch die Hinweise zum Datenschutz.<\/span><\/p><p>(3) Es gilt ausschlie\u00dflich das Recht der Bundesrepublik \u00d6sterreich, unter Ausschluss des U.N.-Kaufrechts, soweit nicht der durch zwingende Bestimmungen des Rechts des Staates, in dem der Auftraggeber, der Verbraucher ist, seinen gew\u00f6hnlichen Aufenthalt hat, gew\u00e4hrte Schutz entzogen wird.<\/p><p>4) Sollten einzelne Bestimmungen dieser Allgemeinen Gesch\u00e4ftsbedingungen ganz oder teilweise unwirksam sein, so bleibt die G\u00fcltigkeit der \u00fcbrigen Klauseln hiervon unber\u00fchrt.<br \/><br \/>5) Bei Buchung eines Auftrags erkl\u00e4rt man sich automatisch mit den Allgemeinen Gesch\u00e4ftsbedingungen (AGB) von The Casual Studio GmbH einverstanden.<\/p>\t\t\t\t\t\t\t\t<\/div>\n\t\t\t\t<\/div>\n\t\t\t\t\t<\/div>\n\t\t<\/div>\n\t\t\t\t\t<\/div>\n\t\t<\/section>\n\t\t\t\t<\/div>","protected":false},"excerpt":{"rendered":"<p>Allgemeine Gesch\u00e4ftsbedingungen 1. Auftrag (1) Die Gestaltung der Bilder sowie die k\u00fcnstlerisch-technische Umsetzung und die Auswahl der Aufnahmen liegen, sofern nicht anders vereinbart, in der Verantwortung von The Casual Studio GmbH. Die Auftraggeber sind sich bewusst, dass die Arbeiten von dem Stil von The Casual Studio GmbH stets gepr\u00e4gt sind. Reklamationen in Bezug hierauf sind [&hellip;]<\/p>\n","protected":false},"author":2,"featured_media":0,"parent":0,"menu_order":0,"comment_status":"closed","ping_status":"closed","template":"elementor_header_footer","meta":{"footnotes":""},"class_list":["post-2863","page","type-page","status-publish","hentry"],"_links":{"self":[{"href":"https:\/\/thecasual.studio\/de\/wp-json\/wp\/v2\/pages\/2863","targetHints":{"allow":["GET"]}}],"collection":[{"href":"https:\/\/thecasual.studio\/de\/wp-json\/wp\/v2\/pages"}],"about":[{"href":"https:\/\/thecasual.studio\/de\/wp-json\/wp\/v2\/types\/page"}],"author":[{"embeddable":true,"href":"https:\/\/thecasual.studio\/de\/wp-json\/wp\/v2\/users\/2"}],"replies":[{"embeddable":true,"href":"https:\/\/thecasual.studio\/de\/wp-json\/wp\/v2\/comments?post=2863"}],"version-history":[{"count":39,"href":"https:\/\/thecasual.studio\/de\/wp-json\/wp\/v2\/pages\/2863\/revisions"}],"predecessor-version":[{"id":2931,"href":"https:\/\/thecasual.studio\/de\/wp-json\/wp\/v2\/pages\/2863\/revisions\/2931"}],"wp:attachment":[{"href":"https:\/\/thecasual.studio\/de\/wp-json\/wp\/v2\/media?parent=2863"}],"curies":[{"name":"wp","href":"https:\/\/api.w.org\/{rel}","templated":true}]}}