{"id":433,"date":"2022-10-31T16:07:19","date_gmt":"2022-10-31T16:07:19","guid":{"rendered":"https:\/\/thecasual.studio\/?page_id=433"},"modified":"2025-04-28T09:59:59","modified_gmt":"2025-04-28T09:59:59","slug":"impressum","status":"publish","type":"page","link":"https:\/\/thecasual.studio\/de\/impressum\/","title":{"rendered":"Impressum"},"content":{"rendered":"\t\t<div data-elementor-type=\"wp-page\" data-elementor-id=\"433\" class=\"elementor elementor-433\" data-elementor-post-type=\"page\">\n\t\t\t\t\t\t<section class=\"elementor-section elementor-top-section elementor-element elementor-element-d3a2d5d elementor-section-boxed elementor-section-height-default elementor-section-height-default\" data-id=\"d3a2d5d\" data-element_type=\"section\" data-e-type=\"section\">\n\t\t\t\t\t\t<div class=\"elementor-container elementor-column-gap-default\">\n\t\t\t\t\t<div class=\"elementor-column elementor-col-100 elementor-top-column elementor-element elementor-element-478ac80\" data-id=\"478ac80\" data-element_type=\"column\" data-e-type=\"column\">\n\t\t\t<div class=\"elementor-widget-wrap elementor-element-populated\">\n\t\t\t\t\t\t<div class=\"elementor-element elementor-element-7371239 elementor-widget elementor-widget-heading\" data-id=\"7371239\" data-element_type=\"widget\" data-e-type=\"widget\" data-widget_type=\"heading.default\">\n\t\t\t\t<div class=\"elementor-widget-container\">\n\t\t\t\t\t<h2 class=\"elementor-heading-title elementor-size-default\">IMPRESSUM<\/h2>\t\t\t\t<\/div>\n\t\t\t\t<\/div>\n\t\t\t\t<div class=\"elementor-element elementor-element-e20c1a3 elementor-widget elementor-widget-text-editor\" data-id=\"e20c1a3\" data-element_type=\"widget\" data-e-type=\"widget\" data-widget_type=\"text-editor.default\">\n\t\t\t\t<div class=\"elementor-widget-container\">\n\t\t\t\t\t\t\t\t\t<p>The Casual Studio GmbH<br \/>Karlauerstra\u00dfe 44<br \/>8020 Graz<\/p><p>UID: ATU 78661404<br \/>FN 591143d, Gerichtsstand: Graz<\/p><p>Kontakt:\u00a0hello@thecasual.studio<\/p><p>verantwortlich f\u00fcr die Inhalte<br \/>The Casual Studio GmbH<\/p><p>Logo: The Casual Studio GmbH<\/p><p>Bilder: Angelina Rechberger\u00a0<\/p><p>Grundlegende Richtung<br \/>Die Website von www.thecasual.studio ist ein \u00f6ffentliches Portfolio zu verschiedenen Arbeiten.\u00a0<\/p><p>Nutzungsbedingungen<br \/>Die Inhalte dieser Web-Site sind frei nutzbar und dienen ausschlie\u00dflich der Information. Es kommen durch die Nutzung der Auswahlm\u00f6glichkeiten der Web-Site keinerlei Rechtsgesch\u00e4fte zwischen der Eigent\u00fcmerin und den Nutzern zu Stande. Die weitere Vorgangsweise zwischen Anbietern und Nutzern und der m\u00f6gliche sp\u00e4tere Abschluss von Auftr\u00e4gen zwischen Anbietern und Nutzern liegen im ausschlie\u00dflichen Ermessen der Nutzer.<\/p><p>Copyright\/Haftungsausschluss<br \/>Im Hinblick auf die technischen Eigenschaften des Internet kann keine Gew\u00e4hr f\u00fcr die Authentizit\u00e4t, Richtigkeit und Vollst\u00e4ndigkeit der im Internet zur Verf\u00fcgung gestellten Informationen \u00fcbernommen werden. Es wird auch keine Gew\u00e4hr f\u00fcr die Verf\u00fcgbarkeit oder den Betrieb der gegenst\u00e4ndlichen Homepage und ihrer Inhalte \u00fcbernommen.<\/p><p>Jede Haftung f\u00fcr unmittelbare, mittelbare oder sonstige Sch\u00e4den, unabh\u00e4ngig von deren Ursachen, die aus der Benutzung oder Nichtverf\u00fcgbarkeit der Daten und Informationen dieser Homepage erwachsen, wird, soweit rechtlich zul\u00e4ssig, ausgeschlossen.<\/p><p>Der Inhalt dieser Homepage ist urheberrechtlich gesch\u00fctzt. Die Informationen sind nur f\u00fcr die pers\u00f6nliche Verwendung bestimmt. Jede weitergehende Nutzung insbesondere die Speicherung in Datenbanken, Vervielf\u00e4ltigung und jede Form von gewerblicher Nutzung sowie die Weitergabe an Dritte \u2013 auch in Teilen oder in \u00fcberarbeiteter Form \u2013 ohne Zustimmung des Website-Inhabers ist untersagt. Soweit die Inhalte auf dieser Seite nicht vom Betreiber erstellt wurden, werden die Urheberrechte Dritter beachtet. Insbesondere werden Inhalte Dritter als solche gekennzeichnet. Sollten Sie trotzdem auf eine Urheberrechtsverletzung aufmerksam werden, bitte ich um einen entsprechenden Hinweis. Bei Bekanntwerden von Rechtsverletzungen werde ich derartige Inhalte umgehend entfernen.<br \/>Hyperlinks auf diesen Blog sind willkommen. Jede Einbindung einzelner Seiten meines Angebotes in fremde Frames ist zu unterlassen, ebenso das zur Verf\u00fcgung stellen des RSS-Feeds auf fremden Seiten.<\/p><p>Haftung f\u00fcr Links<br \/>Dieses Weblog enth\u00e4lt Links zu externen Webseiten Dritter, auf deren Inhalte ich keinen Einfluss habe. Deshalb kann ich f\u00fcr diese fremden Inhalte auch keine Gew\u00e4hr \u00fcbernehmen. F\u00fcr die Inhalte der verlinkten Seiten ist stets der jeweilige Anbieter oder Betreiber der Seiten verantwortlich. Die verlinkten Seiten wurden zum Zeitpunkt der Verlinkung auf m\u00f6gliche Rechtsverst\u00f6\u00dfe \u00fcberpr\u00fcft. Rechtswidrige Inhalte waren zum Zeitpunkt der Verlinkung nicht erkennbar. Eine permanente inhaltliche Kontrolle der verlinkten Seiten ist jedoch ohne konkrete Anhaltspunkte einer Rechtsverletzung nicht zumutbar. Bei bekannt werden von Rechtsverletzungen werden wir derartige Links umgehend entfernen.<\/p><p>[Quelle: Informationen der\u00a0WKO, zusammengefasst von Ingrid J.Bressler]<\/p>\t\t\t\t\t\t\t\t<\/div>\n\t\t\t\t<\/div>\n\t\t\t\t\t<\/div>\n\t\t<\/div>\n\t\t\t\t\t<\/div>\n\t\t<\/section>\n\t\t\t\t<\/div>\n\t\t","protected":false},"excerpt":{"rendered":"<p>IMPRESSUM The Casual Studio GmbHKarlauerstra\u00dfe 448020 Graz UID: ATU 78661404FN 591143d, Gerichtsstand: Graz Kontakt:\u00a0hello@thecasual.studio verantwortlich f\u00fcr die InhalteThe Casual Studio GmbH Logo: The Casual Studio GmbH Bilder: Angelina Rechberger\u00a0 Grundlegende RichtungDie Website von www.thecasual.studio ist ein \u00f6ffentliches Portfolio zu verschiedenen Arbeiten.\u00a0 NutzungsbedingungenDie Inhalte dieser Web-Site sind frei nutzbar und dienen ausschlie\u00dflich der Information. Es kommen [&hellip;]<\/p>\n","protected":false},"author":2,"featured_media":0,"parent":0,"menu_order":0,"comment_status":"closed","ping_status":"closed","template":"elementor_header_footer","meta":{"footnotes":""},"class_list":["post-433","page","type-page","status-publish","hentry"],"_links":{"self":[{"href":"https:\/\/thecasual.studio\/de\/wp-json\/wp\/v2\/pages\/433","targetHints":{"allow":["GET"]}}],"collection":[{"href":"https:\/\/thecasual.studio\/de\/wp-json\/wp\/v2\/pages"}],"about":[{"href":"https:\/\/thecasual.studio\/de\/wp-json\/wp\/v2\/types\/page"}],"author":[{"embeddable":true,"href":"https:\/\/thecasual.studio\/de\/wp-json\/wp\/v2\/users\/2"}],"replies":[{"embeddable":true,"href":"https:\/\/thecasual.studio\/de\/wp-json\/wp\/v2\/comments?post=433"}],"version-history":[{"count":19,"href":"https:\/\/thecasual.studio\/de\/wp-json\/wp\/v2\/pages\/433\/revisions"}],"predecessor-version":[{"id":2831,"href":"https:\/\/thecasual.studio\/de\/wp-json\/wp\/v2\/pages\/433\/revisions\/2831"}],"wp:attachment":[{"href":"https:\/\/thecasual.studio\/de\/wp-json\/wp\/v2\/media?parent=433"}],"curies":[{"name":"wp","href":"https:\/\/api.w.org\/{rel}","templated":true}]}}